{"id":1636,"date":"2019-12-13T08:23:42","date_gmt":"2019-12-13T08:23:42","guid":{"rendered":"https:\/\/www.eco-eficiencia.com\/blog\/"},"modified":"2023-05-10T11:45:40","modified_gmt":"2023-05-10T11:45:40","slug":"news","status":"publish","type":"page","link":"https:\/\/www.eco-eficiencia.com\/en\/news\/","title":{"rendered":"News"},"content":{"rendered":"<p><div class=\"fusion-fullwidth fullwidth-box fusion-builder-row-1 fusion-flex-container fusion-parallax-none nonhundred-percent-fullwidth non-hundred-percent-height-scrolling lazyload\" style=\"--awb-border-radius-top-left:0px;--awb-border-radius-top-right:0px;--awb-border-radius-bottom-right:0px;--awb-border-radius-bottom-left:0px;--awb-padding-top:30%;--awb-padding-bottom:0px;--awb-background-size:cover;\" data-bg=\"https:\/\/www.eco-eficiencia.com\/wp-content\/uploads\/2022\/02\/landscaper-gallery-coracao.jpg\" ><div class=\"fusion-builder-row fusion-row fusion-flex-align-items-flex-start\" style=\"max-width:1144px;margin-left: calc(-4% \/ 2 );margin-right: calc(-4% \/ 2 );\"><div class=\"fusion-layout-column fusion_builder_column fusion-builder-column-0 fusion_builder_column_1_1 1_1 fusion-flex-column fusion-animated\" style=\"--awb-bg-size:cover;--awb-width-large:100%;--awb-margin-top-large:0px;--awb-spacing-right-large:1.92%;--awb-margin-bottom-large:0px;--awb-spacing-left-large:1.92%;--awb-width-medium:100%;--awb-spacing-right-medium:1.92%;--awb-spacing-left-medium:1.92%;--awb-width-small:100%;--awb-spacing-right-small:1.92%;--awb-spacing-left-small:1.92%;\" data-animationType=\"fadeInDown\" data-animationDuration=\"1.0\" data-animationOffset=\"top-into-view\"><div class=\"fusion-column-wrapper fusion-column-has-shadow fusion-flex-justify-content-flex-start fusion-content-layout-column\"><\/div><\/div><\/div><\/div><div class=\"fusion-fullwidth fullwidth-box fusion-builder-row-2 fusion-flex-container nonhundred-percent-fullwidth non-hundred-percent-height-scrolling\" style=\"--awb-background-position:center bottom;--awb-border-radius-top-left:0px;--awb-border-radius-top-right:0px;--awb-border-radius-bottom-right:0px;--awb-border-radius-bottom-left:0px;--awb-padding-top:80px;--awb-padding-bottom:80px;--awb-margin-bottom:0px;\" ><div class=\"fusion-builder-row fusion-row fusion-flex-align-items-flex-start\" style=\"max-width:1144px;margin-left: calc(-4% \/ 2 );margin-right: calc(-4% \/ 2 );\"><div class=\"fusion-layout-column fusion_builder_column fusion-builder-column-1 fusion_builder_column_1_1 1_1 fusion-flex-column fusion-animated\" style=\"--awb-bg-size:cover;--awb-width-large:100%;--awb-margin-top-large:0px;--awb-spacing-right-large:1.92%;--awb-margin-bottom-large:0px;--awb-spacing-left-large:1.92%;--awb-width-medium:100%;--awb-spacing-right-medium:1.92%;--awb-spacing-left-medium:1.92%;--awb-width-small:100%;--awb-spacing-right-small:1.92%;--awb-spacing-left-small:1.92%;\" data-animationType=\"fadeInUp\" data-animationDuration=\"1.0\" data-animationOffset=\"top-into-view\"><div class=\"fusion-column-wrapper fusion-column-has-shadow fusion-flex-justify-content-flex-start fusion-content-layout-column\"><div class=\"fusion-blog-shortcode fusion-blog-shortcode-1 fusion-blog-archive fusion-blog-layout-grid-wrapper fusion-blog-pagination\"><style type=\"text\/css\">.fusion-blog-shortcode-1 .fusion-blog-layout-grid .fusion-post-grid{padding:20px;}.fusion-blog-shortcode-1 .fusion-posts-container{margin-left: -20px !important; margin-right:-20px !important;}<\/style><div class=\"fusion-posts-container fusion-posts-container-pagination fusion-blog-layout-grid fusion-blog-layout-grid-3 isotope fusion-blog-equal-heights\" data-pages=\"1\" data-grid-col-space=\"40\" style=\"margin: -20px -20px 0;min-height:500px;\"><article id=\"blog-1-post-1815\" class=\"fusion-post-grid post-1815 post type-post status-publish format-standard has-post-thumbnail hentry category-sem-categoria\">\n<div class=\"fusion-post-wrapper\" style=\"background-color:rgba(255,255,255,1);border:1px solid #ebeaea;border-bottom-width:3px;\">\n\n\t\t\t<div class=\"fusion-flexslider flexslider fusion-flexslider-loading fusion-post-slideshow\" style=\"border-color:#ebeaea;\">\n\t\t<ul class=\"slides\">\n\t\t\t\n\t\t\t\t\t\t\t\t\t\t\t\t\t\t<li><div  class=\"fusion-image-wrapper\" aria-haspopup=\"true\">\n\t\t\t\t\t\t\t<a href=\"https:\/\/www.eco-eficiencia.com\/en\/2023\/01\/12\/international-conference-on-renewable-energy-and-clean-development-mechanisms\/\" aria-label=\"International Conference on Renewable Energy and Clean Development Mechanisms\">\n\t\t\t\t\t\t\t<img width=\"640\" height=\"545\" src=\"https:\/\/www.eco-eficiencia.com\/wp-content\/uploads\/2023\/01\/conferencia-internacional-sobre-energias-renovaveis-e-mecanismos-de-desenvolvimento-limpo-mdl.jpg\" class=\"attachment-full size-full lazyload wp-post-image\" alt=\"\" decoding=\"async\" srcset=\"data:image\/svg+xml,%3Csvg%20xmlns%3D%27http%3A%2F%2Fwww.w3.org%2F2000%2Fsvg%27%20width%3D%27640%27%20height%3D%27545%27%20viewBox%3D%270%200%20640%20545%27%3E%3Crect%20width%3D%27640%27%20height%3D%27545%27%20fill-opacity%3D%220%22%2F%3E%3C%2Fsvg%3E\" data-orig-src=\"https:\/\/www.eco-eficiencia.com\/wp-content\/uploads\/2023\/01\/conferencia-internacional-sobre-energias-renovaveis-e-mecanismos-de-desenvolvimento-limpo-mdl.jpg\" data-srcset=\"https:\/\/www.eco-eficiencia.com\/wp-content\/uploads\/2023\/01\/conferencia-internacional-sobre-energias-renovaveis-e-mecanismos-de-desenvolvimento-limpo-mdl-200x170.jpg 200w, https:\/\/www.eco-eficiencia.com\/wp-content\/uploads\/2023\/01\/conferencia-internacional-sobre-energias-renovaveis-e-mecanismos-de-desenvolvimento-limpo-mdl-400x341.jpg 400w, https:\/\/www.eco-eficiencia.com\/wp-content\/uploads\/2023\/01\/conferencia-internacional-sobre-energias-renovaveis-e-mecanismos-de-desenvolvimento-limpo-mdl-600x511.jpg 600w, https:\/\/www.eco-eficiencia.com\/wp-content\/uploads\/2023\/01\/conferencia-internacional-sobre-energias-renovaveis-e-mecanismos-de-desenvolvimento-limpo-mdl.jpg 640w\" data-sizes=\"auto\" \/>\t\t\t<\/a>\n\t\t\t\t\t\t\t<\/div>\n<\/li>\n\t\t\t\n\t\t\t\n\t\t\t\t\t\t\t\t\t\t\t\t\t\t\t\t\t\t\t\t\t\t\t\t\t\t\t\t\t\t\t\t\t\t\t\t\t\t\t\t\t\t\t\t\t\t\t\t\t\t\t\t\t\t\t\t\t\t\t\t\t\t\t\t\t\t\t\t<\/ul>\n\t<\/div>\n\t<div class=\"fusion-post-content-wrapper\" style=\"padding:30px 25px 0px 25px;\"><div class=\"fusion-post-content post-content\"><h2 class=\"blog-shortcode-post-title entry-title\"><a href=\"https:\/\/www.eco-eficiencia.com\/en\/2023\/01\/12\/international-conference-on-renewable-energy-and-clean-development-mechanisms\/\">International Conference on Renewable Energy and Clean Development Mechanisms<\/a><\/h2><p class=\"fusion-single-line-meta\"><span class=\"vcard\" style=\"display: none;\"><span class=\"fn\"><a href=\"https:\/\/www.eco-eficiencia.com\/en\/author\/sergio\/\" title=\"Posts by sergio\" rel=\"author\">sergio<\/a><\/span><\/span><span class=\"updated\" style=\"display:none;\">2023-05-09T15:00:59+00:00<\/span><span>January 12th, 2023<\/span><span class=\"fusion-inline-sep\">|<\/span><\/p><div class=\"fusion-post-content-container\"><\/div><\/div><\/div><div class=\"fusion-clearfix\"><\/div><\/div>\n<\/article>\n<div class=\"fusion-clearfix\"><\/div><\/div><\/div><\/div><\/div><\/div><\/div><div class=\"fusion-fullwidth fullwidth-box fusion-builder-row-3 fusion-flex-container fusion-parallax-none sectio_desafio nonhundred-percent-fullwidth non-hundred-percent-height-scrolling lazyload\" style=\"--awb-border-sizes-top:0px;--awb-border-sizes-bottom:0px;--awb-border-sizes-left:0px;--awb-border-sizes-right:0px;--awb-border-style:dotted;--awb-border-radius-top-left:0px;--awb-border-radius-top-right:0px;--awb-border-radius-bottom-right:0px;--awb-border-radius-bottom-left:0px;--awb-padding-top:87px;--awb-padding-bottom:65px;--awb-margin-top:0px;--awb-margin-bottom:-2px;--awb-background-color:#0b2621;--awb-background-image:linear-gradient(0deg, #0b2621 0%,rgba(255,255,255,0) 100%);;--awb-background-size:cover;\" data-bg=\"https:\/\/www.eco-eficiencia.com\/wp-content\/uploads\/2019\/12\/landscaper-cta-background.jpg\" data-bg-gradient=\"linear-gradient(0deg, #0b2621 0%,rgba(255,255,255,0) 100%)\" id=\"sectio_desafio\" ><div class=\"fusion-builder-row fusion-row fusion-flex-align-items-stretch\" style=\"max-width:1144px;margin-left: calc(-4% \/ 2 );margin-right: calc(-4% \/ 2 );\"><div class=\"fusion-layout-column fusion_builder_column fusion-builder-column-2 fusion_builder_column_1_2 1_2 fusion-flex-column\" style=\"--awb-bg-size:cover;--awb-width-large:50%;--awb-margin-top-large:0px;--awb-spacing-right-large:3.84%;--awb-margin-bottom-large:0px;--awb-spacing-left-large:3.84%;--awb-width-medium:100%;--awb-spacing-right-medium:1.92%;--awb-spacing-left-medium:1.92%;--awb-width-small:100%;--awb-spacing-right-small:1.92%;--awb-spacing-left-small:1.92%;\"><div class=\"fusion-column-wrapper fusion-column-has-shadow fusion-flex-justify-content-flex-start fusion-content-layout-column\"><div class=\"fusion-title title fusion-title-1 fusion-sep-none fusion-title-text fusion-title-size-two\" style=\"--awb-text-color:#ffffff;\"><h2 class=\"title-heading-left fusion-responsive-typography-calculated\" style=\"margin:0;--fontSize:60;line-height:1.5;\"><\/h2><\/div><div class=\"fusion-text fusion-text-1\"><p>Challenge us<\/p>\n<\/div><div class=\"fusion-text fusion-text-2\"><\/div><div class=\"fusion-text fusion-text-3\" style=\"--awb-content-alignment:justify;--awb-text-transform:none;--awb-text-color:#ffffff;\"><p>We will surprise you by the sustainable environmental practice, integrity, rigor, speed in responding to the requests of our customers, combined with competitive prices, have been important factors for our consolidation in this market.<\/p>\n<\/div><\/div><\/div><div class=\"fusion-layout-column fusion_builder_column fusion-builder-column-3 fusion_builder_column_1_2 1_2 fusion-flex-column\" style=\"--awb-bg-size:cover;--awb-width-large:50%;--awb-margin-top-large:0px;--awb-spacing-right-large:3.84%;--awb-margin-bottom-large:0px;--awb-spacing-left-large:3.84%;--awb-width-medium:100%;--awb-spacing-right-medium:1.92%;--awb-spacing-left-medium:1.92%;--awb-width-small:100%;--awb-spacing-right-small:1.92%;--awb-spacing-left-small:1.92%;\"><div class=\"fusion-column-wrapper fusion-column-has-shadow fusion-flex-justify-content-center fusion-content-layout-column\"><div style=\"text-align:center;\"><a class=\"fusion-button button-flat button-xlarge button-custom fusion-button-default button-1 fusion-button-default-span fusion-button-default-type fusion-no-large-visibility button_desafio\" style=\"--button_accent_color:#0b2621;--button_accent_hover_color:#0b2621;--button_border_hover_color:#ffffff;--button_gradient_top_color:#f3d2a7;--button_gradient_bottom_color:#f3d2a7;--button_gradient_top_color_hover:#ffe5c3;--button_gradient_bottom_color_hover:#ffe5c3;\" target=\"_self\" href=\"https:\/\/www.eco-eficiencia.com\/en\/budget\/\"><span class=\"fusion-button-text\">Talk to our team<\/span><\/a><\/div><div style=\"text-align:right;\"><a class=\"fusion-button button-flat button-xlarge button-custom fusion-button-default button-2 fusion-button-default-span fusion-button-default-type fusion-no-small-visibility fusion-no-medium-visibility button_desafio\" style=\"--button_accent_color:#ffffff;--button_accent_hover_color:#0b2621;--button_border_hover_color:#ffffff;--button_gradient_top_color:#bfb8a6;--button_gradient_bottom_color:#bfb8a6;--button_gradient_top_color_hover:#ffe5c3;--button_gradient_bottom_color_hover:#ffe5c3;\" target=\"_self\" href=\"https:\/\/www.eco-eficiencia.com\/en\/budget\/\"><span class=\"fusion-button-text\">Talk to our team<\/span><\/a><\/div><\/div><\/div><\/div><\/div>\n<div class=\"fusion-fullwidth fullwidth-box fusion-builder-row-4 fusion-flex-container nonhundred-percent-fullwidth non-hundred-percent-height-scrolling\" style=\"--awb-border-radius-top-left:0px;--awb-border-radius-top-right:0px;--awb-border-radius-bottom-right:0px;--awb-border-radius-bottom-left:0px;\" ><div class=\"fusion-builder-row fusion-row fusion-flex-align-items-flex-start\" style=\"max-width:1144px;margin-left: calc(-4% \/ 2 );margin-right: calc(-4% \/ 2 );\"><\/div><\/div><\/p>\n","protected":false},"excerpt":{"rendered":"","protected":false},"author":1,"featured_media":0,"parent":0,"menu_order":0,"comment_status":"closed","ping_status":"closed","template":"100-width.php","meta":[],"yoast_head":"<!-- This site is optimized with the Yoast SEO plugin v20.7 - https:\/\/yoast.com\/wordpress\/plugins\/seo\/ -->\n<title>News - Eco Efici\u00eancia<\/title>\n<meta name=\"description\" content=\"Eco Efici\u00eancia - Consultoria em Desenvolvimento Sustent\u00e1vel\" \/>\n<meta name=\"robots\" content=\"index, follow, max-snippet:-1, max-image-preview:large, max-video-preview:-1\" \/>\n<link rel=\"canonical\" href=\"https:\/\/www.eco-eficiencia.com\/en\/news\/\" \/>\n<meta property=\"og:locale\" content=\"en_US\" \/>\n<meta property=\"og:type\" content=\"article\" \/>\n<meta property=\"og:title\" content=\"News - Eco Efici\u00eancia\" \/>\n<meta property=\"og:description\" content=\"Eco Efici\u00eancia - Consultoria em Desenvolvimento Sustent\u00e1vel\" \/>\n<meta property=\"og:url\" content=\"https:\/\/www.eco-eficiencia.com\/en\/news\/\" \/>\n<meta property=\"og:site_name\" content=\"Eco Efici\u00eancia\" \/>\n<meta property=\"article:publisher\" content=\"https:\/\/www.facebook.com\/Eco-Efici%c3%aancia-106707671122717\" \/>\n<meta property=\"article:modified_time\" content=\"2023-05-10T11:45:40+00:00\" \/>\n<meta property=\"og:image\" content=\"https:\/\/www.eco-eficiencia.com\/wp-content\/uploads\/2020\/07\/LogoEcoeficienciaAntigo02.png\" \/>\n\t<meta property=\"og:image:width\" content=\"567\" \/>\n\t<meta property=\"og:image:height\" content=\"283\" \/>\n\t<meta property=\"og:image:type\" content=\"image\/png\" \/>\n<meta name=\"twitter:card\" content=\"summary_large_image\" \/>\n<meta name=\"twitter:label1\" content=\"Est. reading time\" \/>\n\t<meta name=\"twitter:data1\" content=\"5 minutes\" \/>\n<script type=\"application\/ld+json\" class=\"yoast-schema-graph\">{\"@context\":\"https:\/\/schema.org\",\"@graph\":[{\"@type\":\"WebPage\",\"@id\":\"https:\/\/www.eco-eficiencia.com\/en\/news\/\",\"url\":\"https:\/\/www.eco-eficiencia.com\/en\/news\/\",\"name\":\"News - Eco Efici\u00eancia\",\"isPartOf\":{\"@id\":\"https:\/\/www.eco-eficiencia.com\/en\/#website\"},\"datePublished\":\"2019-12-13T08:23:42+00:00\",\"dateModified\":\"2023-05-10T11:45:40+00:00\",\"description\":\"Eco Efici\u00eancia - Consultoria em Desenvolvimento Sustent\u00e1vel\",\"breadcrumb\":{\"@id\":\"https:\/\/www.eco-eficiencia.com\/en\/news\/#breadcrumb\"},\"inLanguage\":\"en-US\",\"potentialAction\":[{\"@type\":\"ReadAction\",\"target\":[\"https:\/\/www.eco-eficiencia.com\/en\/news\/\"]}]},{\"@type\":\"BreadcrumbList\",\"@id\":\"https:\/\/www.eco-eficiencia.com\/en\/news\/#breadcrumb\",\"itemListElement\":[{\"@type\":\"ListItem\",\"position\":1,\"name\":\"Eco Efici\u00eancia - Consultoria em Desenvolvimento Sustent\u00e1vel\",\"item\":\"https:\/\/www.eco-eficiencia.com\/en\/\"},{\"@type\":\"ListItem\",\"position\":2,\"name\":\"News\"}]},{\"@type\":\"WebSite\",\"@id\":\"https:\/\/www.eco-eficiencia.com\/en\/#website\",\"url\":\"https:\/\/www.eco-eficiencia.com\/en\/\",\"name\":\"Eco Efici\u00eancia\",\"description\":\"Consultoria em Desenvolvimento Sustent\u00e1vel\",\"potentialAction\":[{\"@type\":\"SearchAction\",\"target\":{\"@type\":\"EntryPoint\",\"urlTemplate\":\"https:\/\/www.eco-eficiencia.com\/en\/?s={search_term_string}\"},\"query-input\":\"required name=search_term_string\"}],\"inLanguage\":\"en-US\"}]}<\/script>\n<!-- \/ Yoast SEO plugin. -->","yoast_head_json":{"title":"News - Eco Efici\u00eancia","description":"Eco Efici\u00eancia - Consultoria em Desenvolvimento Sustent\u00e1vel","robots":{"index":"index","follow":"follow","max-snippet":"max-snippet:-1","max-image-preview":"max-image-preview:large","max-video-preview":"max-video-preview:-1"},"canonical":"https:\/\/www.eco-eficiencia.com\/en\/news\/","og_locale":"en_US","og_type":"article","og_title":"News - Eco Efici\u00eancia","og_description":"Eco Efici\u00eancia - Consultoria em Desenvolvimento Sustent\u00e1vel","og_url":"https:\/\/www.eco-eficiencia.com\/en\/news\/","og_site_name":"Eco Efici\u00eancia","article_publisher":"https:\/\/www.facebook.com\/Eco-Efici%c3%aancia-106707671122717","article_modified_time":"2023-05-10T11:45:40+00:00","og_image":[{"width":567,"height":283,"url":"https:\/\/www.eco-eficiencia.com\/wp-content\/uploads\/2020\/07\/LogoEcoeficienciaAntigo02.png","type":"image\/png"}],"twitter_card":"summary_large_image","twitter_misc":{"Est. reading time":"5 minutes"},"schema":{"@context":"https:\/\/schema.org","@graph":[{"@type":"WebPage","@id":"https:\/\/www.eco-eficiencia.com\/en\/news\/","url":"https:\/\/www.eco-eficiencia.com\/en\/news\/","name":"News - Eco Efici\u00eancia","isPartOf":{"@id":"https:\/\/www.eco-eficiencia.com\/en\/#website"},"datePublished":"2019-12-13T08:23:42+00:00","dateModified":"2023-05-10T11:45:40+00:00","description":"Eco Efici\u00eancia - Consultoria em Desenvolvimento Sustent\u00e1vel","breadcrumb":{"@id":"https:\/\/www.eco-eficiencia.com\/en\/news\/#breadcrumb"},"inLanguage":"en-US","potentialAction":[{"@type":"ReadAction","target":["https:\/\/www.eco-eficiencia.com\/en\/news\/"]}]},{"@type":"BreadcrumbList","@id":"https:\/\/www.eco-eficiencia.com\/en\/news\/#breadcrumb","itemListElement":[{"@type":"ListItem","position":1,"name":"Eco Efici\u00eancia - Consultoria em Desenvolvimento Sustent\u00e1vel","item":"https:\/\/www.eco-eficiencia.com\/en\/"},{"@type":"ListItem","position":2,"name":"News"}]},{"@type":"WebSite","@id":"https:\/\/www.eco-eficiencia.com\/en\/#website","url":"https:\/\/www.eco-eficiencia.com\/en\/","name":"Eco Efici\u00eancia","description":"Consultoria em Desenvolvimento Sustent\u00e1vel","potentialAction":[{"@type":"SearchAction","target":{"@type":"EntryPoint","urlTemplate":"https:\/\/www.eco-eficiencia.com\/en\/?s={search_term_string}"},"query-input":"required name=search_term_string"}],"inLanguage":"en-US"}]}},"_links":{"self":[{"href":"https:\/\/www.eco-eficiencia.com\/en\/wp-json\/wp\/v2\/pages\/1636"}],"collection":[{"href":"https:\/\/www.eco-eficiencia.com\/en\/wp-json\/wp\/v2\/pages"}],"about":[{"href":"https:\/\/www.eco-eficiencia.com\/en\/wp-json\/wp\/v2\/types\/page"}],"author":[{"embeddable":true,"href":"https:\/\/www.eco-eficiencia.com\/en\/wp-json\/wp\/v2\/users\/1"}],"replies":[{"embeddable":true,"href":"https:\/\/www.eco-eficiencia.com\/en\/wp-json\/wp\/v2\/comments?post=1636"}],"version-history":[{"count":4,"href":"https:\/\/www.eco-eficiencia.com\/en\/wp-json\/wp\/v2\/pages\/1636\/revisions"}],"predecessor-version":[{"id":2117,"href":"https:\/\/www.eco-eficiencia.com\/en\/wp-json\/wp\/v2\/pages\/1636\/revisions\/2117"}],"wp:attachment":[{"href":"https:\/\/www.eco-eficiencia.com\/en\/wp-json\/wp\/v2\/media?parent=1636"}],"curies":[{"name":"wp","href":"https:\/\/api.w.org\/{rel}","templated":true}]}}