{"id":1645,"date":"2020-07-02T15:49:52","date_gmt":"2020-07-02T15:49:52","guid":{"rendered":"https:\/\/www.eco-eficiencia.com\/privacy-policy\/"},"modified":"2023-05-10T12:01:19","modified_gmt":"2023-05-10T12:01:19","slug":"privacy-policy","status":"publish","type":"page","link":"https:\/\/www.eco-eficiencia.com\/en\/privacy-policy\/","title":{"rendered":"Privacy Policy"},"content":{"rendered":"<p><div class=\"fusion-fullwidth fullwidth-box fusion-builder-row-1 fusion-flex-container has-pattern-background has-mask-background nonhundred-percent-fullwidth non-hundred-percent-height-scrolling\" style=\"--awb-border-radius-top-left:0px;--awb-border-radius-top-right:0px;--awb-border-radius-bottom-right:0px;--awb-border-radius-bottom-left:0px;--awb-margin-bottom:30px;\" ><div class=\"fusion-builder-row fusion-row fusion-flex-align-items-flex-start\" style=\"max-width:1144px;margin-left: calc(-4% \/ 2 );margin-right: calc(-4% \/ 2 );\"><div class=\"fusion-layout-column fusion_builder_column fusion-builder-column-0 fusion_builder_column_1_1 1_1 fusion-flex-column\" style=\"--awb-bg-size:cover;--awb-width-large:100%;--awb-margin-top-large:0px;--awb-spacing-right-large:1.92%;--awb-margin-bottom-large:0px;--awb-spacing-left-large:1.92%;--awb-width-medium:100%;--awb-order-medium:0;--awb-spacing-right-medium:1.92%;--awb-spacing-left-medium:1.92%;--awb-width-small:100%;--awb-order-small:0;--awb-spacing-right-small:1.92%;--awb-spacing-left-small:1.92%;\"><div class=\"fusion-column-wrapper fusion-column-has-shadow fusion-flex-justify-content-flex-start fusion-content-layout-column\"><div class=\"fusion-title title fusion-title-1 fusion-sep-none fusion-title-text fusion-title-size-two\" style=\"--awb-font-size:35px;\"><h2 class=\"title-heading-left fusion-responsive-typography-calculated\" style=\"font-family:&quot;Baskervville&quot;;font-style:normal;font-weight:400;margin:0;font-size:1em;--fontSize:35;line-height:1.5;\"><strong>Who We Are<\/strong><\/h2><\/div><div class=\"fusion-text fusion-text-1\"><p>Our website address is: https:\/\/www.eco-eficiencia.com.<\/p>\n<\/div><\/div><\/div><\/div><\/div><div class=\"fusion-fullwidth fullwidth-box fusion-builder-row-2 fusion-flex-container has-pattern-background has-mask-background nonhundred-percent-fullwidth non-hundred-percent-height-scrolling\" style=\"--awb-border-radius-top-left:0px;--awb-border-radius-top-right:0px;--awb-border-radius-bottom-right:0px;--awb-border-radius-bottom-left:0px;--awb-margin-bottom:30px;\" ><div class=\"fusion-builder-row fusion-row fusion-flex-align-items-flex-start\" style=\"max-width:1144px;margin-left: calc(-4% \/ 2 );margin-right: calc(-4% \/ 2 );\"><div class=\"fusion-layout-column fusion_builder_column fusion-builder-column-1 fusion_builder_column_1_1 1_1 fusion-flex-column\" style=\"--awb-bg-size:cover;--awb-width-large:100%;--awb-margin-top-large:0px;--awb-spacing-right-large:1.92%;--awb-margin-bottom-large:0px;--awb-spacing-left-large:1.92%;--awb-width-medium:100%;--awb-order-medium:0;--awb-spacing-right-medium:1.92%;--awb-spacing-left-medium:1.92%;--awb-width-small:100%;--awb-order-small:0;--awb-spacing-right-small:1.92%;--awb-spacing-left-small:1.92%;\"><div class=\"fusion-column-wrapper fusion-column-has-shadow fusion-flex-justify-content-flex-start fusion-content-layout-column\"><div class=\"fusion-title title fusion-title-2 fusion-sep-none fusion-title-text fusion-title-size-two\" style=\"--awb-font-size:35px;\"><h2 class=\"title-heading-left fusion-responsive-typography-calculated\" style=\"font-family:&quot;Baskervville&quot;;font-style:normal;font-weight:400;margin:0;font-size:1em;--fontSize:35;line-height:1.5;\"><strong>What personal data is collected and why<\/strong><\/h2><\/div><div class=\"fusion-separator fusion-full-width-sep\" style=\"align-self: center;margin-left: auto;margin-right: auto;margin-top:10px;margin-bottom:10px;width:100%;\"><\/div><div class=\"fusion-title title fusion-title-3 fusion-sep-none fusion-title-text fusion-title-size-three\" style=\"--awb-margin-bottom:10px;--awb-font-size:25px;\"><h3 class=\"title-heading-left fusion-responsive-typography-calculated\" style=\"font-family:&quot;Baskervville&quot;;font-style:normal;font-weight:400;margin:0;font-size:1em;--fontSize:25;--minFontSize:25;line-height:1.5;\"><strong>Cookies<\/strong><\/h3><\/div><div class=\"fusion-text fusion-text-2\"><p>If you leave a comment on our site you can choose to have your name, email address and site saved in cookies. This is for your convenience so you don&#8217;t have to fill in your details again when you leave another comment. These cookies will last for one year. If you visit the login page, a temporary cookie will be set to determine whether your browser accepts cookies. This cookie contains no personal data and will be deleted when you close your browser.<\/p>\n<\/div><div class=\"fusion-separator fusion-full-width-sep\" style=\"align-self: center;margin-left: auto;margin-right: auto;margin-top:10px;margin-bottom:10px;width:100%;\"><\/div><div class=\"fusion-title title fusion-title-4 fusion-sep-none fusion-title-text fusion-title-size-three\" style=\"--awb-margin-bottom:10px;--awb-font-size:25px;\"><h3 class=\"title-heading-left fusion-responsive-typography-calculated\" style=\"font-family:&quot;Baskervville&quot;;font-style:normal;font-weight:400;margin:0;font-size:1em;--fontSize:25;--minFontSize:25;line-height:1.5;\"><strong>Embedded content from other websites<\/strong><\/h3><\/div><div class=\"fusion-text fusion-text-3\"><p>Articles on this site may include embedded content (e.g. videos, images, articles, etc.) Embedded content from other sites behaves just as if you were visiting those sites. This site may collect data about you, use cookies, embed tracking done by third parties, monitor your interactions with it, including logging your interactions with embedded content if you have an account and are logged into that site.<\/p>\n<\/div><div class=\"fusion-separator fusion-full-width-sep\" style=\"align-self: center;margin-left: auto;margin-right: auto;margin-top:10px;margin-bottom:10px;width:100%;\"><\/div><div class=\"fusion-title title fusion-title-5 fusion-sep-none fusion-title-text fusion-title-size-three\" style=\"--awb-margin-bottom:10px;--awb-font-size:25px;\"><h3 class=\"title-heading-left fusion-responsive-typography-calculated\" style=\"font-family:&quot;Baskervville&quot;;font-style:normal;font-weight:400;margin:0;font-size:1em;--fontSize:25;--minFontSize:25;line-height:1.5;\"><strong>Analytical Data<\/strong><\/h3><\/div><div class=\"fusion-text fusion-text-4\"><p>The data collected will not be used for any purpose other than for statistical processing carried out by Eco-Efficiency for the purpose of improving its service, website and other means that can be evaluated via the web.<\/p>\n<\/div><\/div><\/div><\/div><\/div><div class=\"fusion-fullwidth fullwidth-box fusion-builder-row-3 fusion-flex-container has-pattern-background has-mask-background nonhundred-percent-fullwidth non-hundred-percent-height-scrolling\" style=\"--awb-border-radius-top-left:0px;--awb-border-radius-top-right:0px;--awb-border-radius-bottom-right:0px;--awb-border-radius-bottom-left:0px;--awb-margin-bottom:30px;\" ><div class=\"fusion-builder-row fusion-row fusion-flex-align-items-flex-start\" style=\"max-width:1144px;margin-left: calc(-4% \/ 2 );margin-right: calc(-4% \/ 2 );\"><div class=\"fusion-layout-column fusion_builder_column fusion-builder-column-2 fusion_builder_column_1_1 1_1 fusion-flex-column\" style=\"--awb-bg-size:cover;--awb-width-large:100%;--awb-margin-top-large:0px;--awb-spacing-right-large:1.92%;--awb-margin-bottom-large:0px;--awb-spacing-left-large:1.92%;--awb-width-medium:100%;--awb-order-medium:0;--awb-spacing-right-medium:1.92%;--awb-spacing-left-medium:1.92%;--awb-width-small:100%;--awb-order-small:0;--awb-spacing-right-small:1.92%;--awb-spacing-left-small:1.92%;\"><div class=\"fusion-column-wrapper fusion-column-has-shadow fusion-flex-justify-content-flex-start fusion-content-layout-column\"><div class=\"fusion-title title fusion-title-6 fusion-sep-none fusion-title-text fusion-title-size-two\" style=\"--awb-font-size:35px;\"><h2 class=\"title-heading-left fusion-responsive-typography-calculated\" style=\"font-family:&quot;Baskervville&quot;;font-style:normal;font-weight:400;margin:0;font-size:1em;--fontSize:35;line-height:1.5;\"><strong>How long is your data retained<\/strong><\/h2><\/div><div class=\"fusion-text fusion-text-5\"><p>For users who make a contact or quote request, we store the personal information provided in their user profile. Site administrators can also view and edit this information. It will be stored in our databases for exclusive processing by Eco-Efficiency in response to requests made by users.<\/p>\n<\/div><\/div><\/div><\/div><\/div><div class=\"fusion-fullwidth fullwidth-box fusion-builder-row-4 fusion-flex-container has-pattern-background has-mask-background nonhundred-percent-fullwidth non-hundred-percent-height-scrolling\" style=\"--awb-border-radius-top-left:0px;--awb-border-radius-top-right:0px;--awb-border-radius-bottom-right:0px;--awb-border-radius-bottom-left:0px;--awb-margin-bottom:30px;\" ><div class=\"fusion-builder-row fusion-row fusion-flex-align-items-flex-start\" style=\"max-width:1144px;margin-left: calc(-4% \/ 2 );margin-right: calc(-4% \/ 2 );\"><div class=\"fusion-layout-column fusion_builder_column fusion-builder-column-3 fusion_builder_column_1_1 1_1 fusion-flex-column\" style=\"--awb-bg-size:cover;--awb-width-large:100%;--awb-margin-top-large:0px;--awb-spacing-right-large:1.92%;--awb-margin-bottom-large:0px;--awb-spacing-left-large:1.92%;--awb-width-medium:100%;--awb-order-medium:0;--awb-spacing-right-medium:1.92%;--awb-spacing-left-medium:1.92%;--awb-width-small:100%;--awb-order-small:0;--awb-spacing-right-small:1.92%;--awb-spacing-left-small:1.92%;\"><div class=\"fusion-column-wrapper fusion-column-has-shadow fusion-flex-justify-content-flex-start fusion-content-layout-column\"><div class=\"fusion-title title fusion-title-7 fusion-sep-none fusion-title-text fusion-title-size-two\" style=\"--awb-font-size:35px;\"><h2 class=\"title-heading-left fusion-responsive-typography-calculated\" style=\"font-family:&quot;Baskervville&quot;;font-style:normal;font-weight:400;margin:0;font-size:1em;--fontSize:35;line-height:1.5;\"><strong>What rights you have over your data<\/strong><\/h2><\/div><div class=\"fusion-text fusion-text-6\"><p>If you have an account on this site, or have left comments, you can request to receive an export file of the personal data stored about you, including any personal data you have indicated. You can also request that the saved data be deleted. This does not include any personal data that is required to be kept for administrative, legal or security purposes.<\/p>\n<\/div><\/div><\/div><\/div><\/div><\/p>\n","protected":false},"excerpt":{"rendered":"","protected":false},"author":1,"featured_media":0,"parent":0,"menu_order":0,"comment_status":"closed","ping_status":"closed","template":"","meta":[],"yoast_head":"<!-- This site is optimized with the Yoast SEO plugin v20.7 - https:\/\/yoast.com\/wordpress\/plugins\/seo\/ -->\n<title>Privacy Policy - Eco Efici\u00eancia<\/title>\n<meta name=\"description\" content=\"Eco Efici\u00eancia - Consultoria em Desenvolvimento Sustent\u00e1vel\" \/>\n<meta name=\"robots\" content=\"index, follow, max-snippet:-1, max-image-preview:large, max-video-preview:-1\" \/>\n<link rel=\"canonical\" href=\"https:\/\/www.eco-eficiencia.com\/en\/privacy-policy\/\" \/>\n<meta property=\"og:locale\" content=\"en_US\" \/>\n<meta property=\"og:type\" content=\"article\" \/>\n<meta property=\"og:title\" content=\"Privacy Policy - Eco Efici\u00eancia\" \/>\n<meta property=\"og:description\" content=\"Eco Efici\u00eancia - Consultoria em Desenvolvimento Sustent\u00e1vel\" \/>\n<meta property=\"og:url\" content=\"https:\/\/www.eco-eficiencia.com\/en\/privacy-policy\/\" \/>\n<meta property=\"og:site_name\" content=\"Eco Efici\u00eancia\" \/>\n<meta property=\"article:publisher\" content=\"https:\/\/www.facebook.com\/Eco-Efici%c3%aancia-106707671122717\" \/>\n<meta property=\"article:modified_time\" content=\"2023-05-10T12:01:19+00:00\" \/>\n<meta property=\"og:image\" content=\"https:\/\/www.eco-eficiencia.com\/wp-content\/uploads\/2020\/07\/LogoEcoeficienciaAntigo02.png\" \/>\n\t<meta property=\"og:image:width\" content=\"567\" \/>\n\t<meta property=\"og:image:height\" content=\"283\" \/>\n\t<meta property=\"og:image:type\" content=\"image\/png\" \/>\n<meta name=\"twitter:card\" content=\"summary_large_image\" \/>\n<meta name=\"twitter:label1\" content=\"Est. reading time\" \/>\n\t<meta name=\"twitter:data1\" content=\"28 minutes\" \/>\n<script type=\"application\/ld+json\" class=\"yoast-schema-graph\">{\"@context\":\"https:\/\/schema.org\",\"@graph\":[{\"@type\":\"WebPage\",\"@id\":\"https:\/\/www.eco-eficiencia.com\/en\/privacy-policy\/\",\"url\":\"https:\/\/www.eco-eficiencia.com\/en\/privacy-policy\/\",\"name\":\"Privacy Policy - Eco Efici\u00eancia\",\"isPartOf\":{\"@id\":\"https:\/\/www.eco-eficiencia.com\/en\/#website\"},\"datePublished\":\"2020-07-02T15:49:52+00:00\",\"dateModified\":\"2023-05-10T12:01:19+00:00\",\"description\":\"Eco Efici\u00eancia - Consultoria em Desenvolvimento Sustent\u00e1vel\",\"breadcrumb\":{\"@id\":\"https:\/\/www.eco-eficiencia.com\/en\/privacy-policy\/#breadcrumb\"},\"inLanguage\":\"en-US\",\"potentialAction\":[{\"@type\":\"ReadAction\",\"target\":[\"https:\/\/www.eco-eficiencia.com\/en\/privacy-policy\/\"]}]},{\"@type\":\"BreadcrumbList\",\"@id\":\"https:\/\/www.eco-eficiencia.com\/en\/privacy-policy\/#breadcrumb\",\"itemListElement\":[{\"@type\":\"ListItem\",\"position\":1,\"name\":\"Eco Efici\u00eancia - Consultoria em Desenvolvimento Sustent\u00e1vel\",\"item\":\"https:\/\/www.eco-eficiencia.com\/en\/\"},{\"@type\":\"ListItem\",\"position\":2,\"name\":\"Privacy Policy\"}]},{\"@type\":\"WebSite\",\"@id\":\"https:\/\/www.eco-eficiencia.com\/en\/#website\",\"url\":\"https:\/\/www.eco-eficiencia.com\/en\/\",\"name\":\"Eco Efici\u00eancia\",\"description\":\"Consultoria em Desenvolvimento Sustent\u00e1vel\",\"potentialAction\":[{\"@type\":\"SearchAction\",\"target\":{\"@type\":\"EntryPoint\",\"urlTemplate\":\"https:\/\/www.eco-eficiencia.com\/en\/?s={search_term_string}\"},\"query-input\":\"required name=search_term_string\"}],\"inLanguage\":\"en-US\"}]}<\/script>\n<!-- \/ Yoast SEO plugin. -->","yoast_head_json":{"title":"Privacy Policy - Eco Efici\u00eancia","description":"Eco Efici\u00eancia - Consultoria em Desenvolvimento Sustent\u00e1vel","robots":{"index":"index","follow":"follow","max-snippet":"max-snippet:-1","max-image-preview":"max-image-preview:large","max-video-preview":"max-video-preview:-1"},"canonical":"https:\/\/www.eco-eficiencia.com\/en\/privacy-policy\/","og_locale":"en_US","og_type":"article","og_title":"Privacy Policy - Eco Efici\u00eancia","og_description":"Eco Efici\u00eancia - Consultoria em Desenvolvimento Sustent\u00e1vel","og_url":"https:\/\/www.eco-eficiencia.com\/en\/privacy-policy\/","og_site_name":"Eco Efici\u00eancia","article_publisher":"https:\/\/www.facebook.com\/Eco-Efici%c3%aancia-106707671122717","article_modified_time":"2023-05-10T12:01:19+00:00","og_image":[{"width":567,"height":283,"url":"https:\/\/www.eco-eficiencia.com\/wp-content\/uploads\/2020\/07\/LogoEcoeficienciaAntigo02.png","type":"image\/png"}],"twitter_card":"summary_large_image","twitter_misc":{"Est. reading time":"28 minutes"},"schema":{"@context":"https:\/\/schema.org","@graph":[{"@type":"WebPage","@id":"https:\/\/www.eco-eficiencia.com\/en\/privacy-policy\/","url":"https:\/\/www.eco-eficiencia.com\/en\/privacy-policy\/","name":"Privacy Policy - Eco Efici\u00eancia","isPartOf":{"@id":"https:\/\/www.eco-eficiencia.com\/en\/#website"},"datePublished":"2020-07-02T15:49:52+00:00","dateModified":"2023-05-10T12:01:19+00:00","description":"Eco Efici\u00eancia - Consultoria em Desenvolvimento Sustent\u00e1vel","breadcrumb":{"@id":"https:\/\/www.eco-eficiencia.com\/en\/privacy-policy\/#breadcrumb"},"inLanguage":"en-US","potentialAction":[{"@type":"ReadAction","target":["https:\/\/www.eco-eficiencia.com\/en\/privacy-policy\/"]}]},{"@type":"BreadcrumbList","@id":"https:\/\/www.eco-eficiencia.com\/en\/privacy-policy\/#breadcrumb","itemListElement":[{"@type":"ListItem","position":1,"name":"Eco Efici\u00eancia - Consultoria em Desenvolvimento Sustent\u00e1vel","item":"https:\/\/www.eco-eficiencia.com\/en\/"},{"@type":"ListItem","position":2,"name":"Privacy Policy"}]},{"@type":"WebSite","@id":"https:\/\/www.eco-eficiencia.com\/en\/#website","url":"https:\/\/www.eco-eficiencia.com\/en\/","name":"Eco Efici\u00eancia","description":"Consultoria em Desenvolvimento Sustent\u00e1vel","potentialAction":[{"@type":"SearchAction","target":{"@type":"EntryPoint","urlTemplate":"https:\/\/www.eco-eficiencia.com\/en\/?s={search_term_string}"},"query-input":"required name=search_term_string"}],"inLanguage":"en-US"}]}},"_links":{"self":[{"href":"https:\/\/www.eco-eficiencia.com\/en\/wp-json\/wp\/v2\/pages\/1645"}],"collection":[{"href":"https:\/\/www.eco-eficiencia.com\/en\/wp-json\/wp\/v2\/pages"}],"about":[{"href":"https:\/\/www.eco-eficiencia.com\/en\/wp-json\/wp\/v2\/types\/page"}],"author":[{"embeddable":true,"href":"https:\/\/www.eco-eficiencia.com\/en\/wp-json\/wp\/v2\/users\/1"}],"replies":[{"embeddable":true,"href":"https:\/\/www.eco-eficiencia.com\/en\/wp-json\/wp\/v2\/comments?post=1645"}],"version-history":[{"count":5,"href":"https:\/\/www.eco-eficiencia.com\/en\/wp-json\/wp\/v2\/pages\/1645\/revisions"}],"predecessor-version":[{"id":2154,"href":"https:\/\/www.eco-eficiencia.com\/en\/wp-json\/wp\/v2\/pages\/1645\/revisions\/2154"}],"wp:attachment":[{"href":"https:\/\/www.eco-eficiencia.com\/en\/wp-json\/wp\/v2\/media?parent=1645"}],"curies":[{"name":"wp","href":"https:\/\/api.w.org\/{rel}","templated":true}]}}